{"id":2232,"date":"2023-03-22T14:24:22","date_gmt":"2023-03-22T14:24:22","guid":{"rendered":"https:\/\/designautoplus.ca\/?page_id=2232"},"modified":"2023-03-22T14:47:24","modified_gmt":"2023-03-22T14:47:24","slug":"lettrage-infographie-et-impression-numerique","status":"publish","type":"page","link":"https:\/\/designautoplus.ca\/index.php\/lettrage-infographie-et-impression-numerique\/","title":{"rendered":"Lettrage, infographie et impression num\u00e9rique"},"content":{"rendered":"\t\t<div data-elementor-type=\"wp-page\" data-elementor-id=\"2232\" class=\"elementor elementor-2232\">\n\t\t\t\t\t\t\t\t\t<section class=\"elementor-section elementor-top-section elementor-element elementor-element-11df489 elementor-section-boxed elementor-section-height-default elementor-section-height-default\" data-id=\"11df489\" data-element_type=\"section\">\n\t\t\t\t\t\t<div class=\"elementor-container elementor-column-gap-extended\">\n\t\t\t\t\t<div class=\"elementor-column elementor-col-100 elementor-top-column elementor-element elementor-element-2e19870\" data-id=\"2e19870\" data-element_type=\"column\">\n\t\t\t<div class=\"elementor-widget-wrap elementor-element-populated\">\n\t\t\t\t\t\t\t\t<div class=\"elementor-element elementor-element-0a5c409 elementor-widget elementor-widget-image\" data-id=\"0a5c409\" data-element_type=\"widget\" data-widget_type=\"image.default\">\n\t\t\t\t<div class=\"elementor-widget-container\">\n\t\t\t<style>\/*! elementor - v3.9.2 - 21-12-2022 *\/\n.elementor-widget-image{text-align:center}.elementor-widget-image a{display:inline-block}.elementor-widget-image a img[src$=\".svg\"]{width:48px}.elementor-widget-image img{vertical-align:middle;display:inline-block}<\/style>\t\t\t\t\t\t\t\t\t\t\t\t<img width=\"2560\" height=\"1707\" src=\"https:\/\/designautoplus.ca\/wp-content\/uploads\/2023\/03\/lettrage-prix-entete-scaled.jpg\" class=\"attachment-full size-full wp-image-2233\" alt=\"\" loading=\"lazy\" srcset=\"https:\/\/designautoplus.ca\/wp-content\/uploads\/2023\/03\/lettrage-prix-entete-scaled.jpg 2560w, https:\/\/designautoplus.ca\/wp-content\/uploads\/2023\/03\/lettrage-prix-entete-300x200.jpg 300w, https:\/\/designautoplus.ca\/wp-content\/uploads\/2023\/03\/lettrage-prix-entete-1024x683.jpg 1024w, https:\/\/designautoplus.ca\/wp-content\/uploads\/2023\/03\/lettrage-prix-entete-768x512.jpg 768w, https:\/\/designautoplus.ca\/wp-content\/uploads\/2023\/03\/lettrage-prix-entete-1536x1024.jpg 1536w, https:\/\/designautoplus.ca\/wp-content\/uploads\/2023\/03\/lettrage-prix-entete-2048x1365.jpg 2048w, https:\/\/designautoplus.ca\/wp-content\/uploads\/2023\/03\/lettrage-prix-entete-650x433.jpg 650w\" sizes=\"(max-width: 2560px) 100vw, 2560px\" \/>\t\t\t\t\t\t\t\t\t\t\t\t\t\t\t<\/div>\n\t\t\t\t<\/div>\n\t\t\t\t\t<\/div>\n\t\t<\/div>\n\t\t\t\t\t\t\t<\/div>\n\t\t<\/section>\n\t\t\t\t<section class=\"elementor-section elementor-top-section elementor-element elementor-element-4377204 elementor-section-boxed elementor-section-height-default elementor-section-height-default\" data-id=\"4377204\" data-element_type=\"section\">\n\t\t\t\t\t\t<div class=\"elementor-container elementor-column-gap-extended\">\n\t\t\t\t\t<div class=\"elementor-column elementor-col-100 elementor-top-column elementor-element elementor-element-6bbe309\" data-id=\"6bbe309\" data-element_type=\"column\">\n\t\t\t<div class=\"elementor-widget-wrap elementor-element-populated\">\n\t\t\t\t\t\t\t\t<div class=\"elementor-element elementor-element-0b7b95e elementor-widget elementor-widget-text-editor\" data-id=\"0b7b95e\" data-element_type=\"widget\" data-widget_type=\"text-editor.default\">\n\t\t\t\t<div class=\"elementor-widget-container\">\n\t\t\t<style>\/*! elementor - v3.9.2 - 21-12-2022 *\/\n.elementor-widget-text-editor.elementor-drop-cap-view-stacked .elementor-drop-cap{background-color:#818a91;color:#fff}.elementor-widget-text-editor.elementor-drop-cap-view-framed .elementor-drop-cap{color:#818a91;border:3px solid;background-color:transparent}.elementor-widget-text-editor:not(.elementor-drop-cap-view-default) .elementor-drop-cap{margin-top:8px}.elementor-widget-text-editor:not(.elementor-drop-cap-view-default) .elementor-drop-cap-letter{width:1em;height:1em}.elementor-widget-text-editor .elementor-drop-cap{float:left;text-align:center;line-height:1;font-size:50px}.elementor-widget-text-editor .elementor-drop-cap-letter{display:inline-block}<\/style>\t\t\t\t<p>Pour toute conception, vous devez nous fournir votre logo en format original vectoriel sinon, des frais suppl\u00e9mentaires peuvent s\u2019appliquer pour la reproduction de celui-ci. Vous devrez \u00e9galement nous fournir toutes les informations connexes d\u00e9sir\u00e9es sur le v\u00e9hicule. Vous devez au pr\u00e9alable passer \u00e0 l\u2019atelier pour une ouverture de commande, une prise de photos et de mesures du\/des v\u00e9hicules \u00e0 lettrer. Selon le type de lettrage\/recouvrement choisit, un d\u00e9p\u00f4t peut vous \u00eatre demand\u00e9 avant le d\u00e9but de la conception par mesure de s\u00e9curit\u00e9. Le d\u00e9lai de conception est de 1-3 jours ouvrables suivant la r\u00e9ception des documents et informations relatives \u00e0 la cr\u00e9ation.<\/p>\t\t\t\t\t\t<\/div>\n\t\t\t\t<\/div>\n\t\t\t\t\t<\/div>\n\t\t<\/div>\n\t\t\t\t\t\t\t<\/div>\n\t\t<\/section>\n\t\t\t\t<section class=\"elementor-section elementor-top-section elementor-element elementor-element-6b88ad8 elementor-section-boxed elementor-section-height-default elementor-section-height-default\" data-id=\"6b88ad8\" data-element_type=\"section\">\n\t\t\t\t\t\t<div class=\"elementor-container elementor-column-gap-extended\">\n\t\t\t\t\t<div class=\"elementor-column elementor-col-50 elementor-top-column elementor-element elementor-element-dcde5c5\" data-id=\"dcde5c5\" data-element_type=\"column\">\n\t\t\t<div class=\"elementor-widget-wrap elementor-element-populated\">\n\t\t\t\t\t\t\t\t<div class=\"elementor-element elementor-element-0f83e07 elementor-widget elementor-widget-image\" data-id=\"0f83e07\" data-element_type=\"widget\" data-widget_type=\"image.default\">\n\t\t\t\t<div class=\"elementor-widget-container\">\n\t\t\t\t\t\t\t\t\t\t\t\t\t\t\t<img width=\"640\" height=\"425\" src=\"https:\/\/designautoplus.ca\/wp-content\/uploads\/2023\/03\/lettrage-standard-.png\" class=\"attachment-large size-large wp-image-2243\" alt=\"\" loading=\"lazy\" srcset=\"https:\/\/designautoplus.ca\/wp-content\/uploads\/2023\/03\/lettrage-standard-.png 768w, https:\/\/designautoplus.ca\/wp-content\/uploads\/2023\/03\/lettrage-standard--300x199.png 300w, https:\/\/designautoplus.ca\/wp-content\/uploads\/2023\/03\/lettrage-standard--650x433.png 650w\" sizes=\"(max-width: 640px) 100vw, 640px\" \/>\t\t\t\t\t\t\t\t\t\t\t\t\t\t\t<\/div>\n\t\t\t\t<\/div>\n\t\t\t\t\t<\/div>\n\t\t<\/div>\n\t\t\t\t<div class=\"elementor-column elementor-col-50 elementor-top-column elementor-element elementor-element-713a220\" data-id=\"713a220\" data-element_type=\"column\">\n\t\t\t<div class=\"elementor-widget-wrap elementor-element-populated\">\n\t\t\t\t\t\t\t\t<div class=\"elementor-element elementor-element-257fe87 elementor-widget elementor-widget-text-editor\" data-id=\"257fe87\" data-element_type=\"widget\" data-widget_type=\"text-editor.default\">\n\t\t\t\t<div class=\"elementor-widget-container\">\n\t\t\t\t\t\t\t<p>Notre mat\u00e9riel Standard con\u00e7u pour l\u2019impression num\u00e9rique permet de cr\u00e9er des lettrages de v\u00e9hicules simple et attrayant. Il permet aussi de cr\u00e9er des pancartes publicitaires pour l\u2019int\u00e9rieur ou l\u2019ext\u00e9rieur.<\/p>\t\t\t\t\t\t<\/div>\n\t\t\t\t<\/div>\n\t\t\t\t\t<\/div>\n\t\t<\/div>\n\t\t\t\t\t\t\t<\/div>\n\t\t<\/section>\n\t\t\t\t<section class=\"elementor-section elementor-top-section elementor-element elementor-element-8ad8342 elementor-section-boxed elementor-section-height-default elementor-section-height-default\" data-id=\"8ad8342\" data-element_type=\"section\">\n\t\t\t\t\t\t<div class=\"elementor-container elementor-column-gap-extended\">\n\t\t\t\t\t<div class=\"elementor-column elementor-col-50 elementor-top-column elementor-element elementor-element-407d5bd\" data-id=\"407d5bd\" data-element_type=\"column\">\n\t\t\t<div class=\"elementor-widget-wrap elementor-element-populated\">\n\t\t\t\t\t\t\t\t<div class=\"elementor-element elementor-element-2fb5b95 elementor-widget elementor-widget-text-editor\" data-id=\"2fb5b95\" data-element_type=\"widget\" data-widget_type=\"text-editor.default\">\n\t\t\t\t<div class=\"elementor-widget-container\">\n\t\t\t\t\t\t\t<p>Que vous vouliez l\u2019installer sur le v\u00e9hicule au complet ou simplement ajouter des accents, cette pellicule est livr\u00e9e pr\u00eate \u00e0 installer. Cr\u00e9ez un style qui refl\u00e8te votre originalit\u00e9. Faites confiance \u00e0 la promesse de qualit\u00e9, de fiabilit\u00e9, de service et de garantie de 3M.<\/p>\t\t\t\t\t\t<\/div>\n\t\t\t\t<\/div>\n\t\t\t\t\t<\/div>\n\t\t<\/div>\n\t\t\t\t<div class=\"elementor-column elementor-col-50 elementor-top-column elementor-element elementor-element-7cf392b\" data-id=\"7cf392b\" data-element_type=\"column\">\n\t\t\t<div class=\"elementor-widget-wrap elementor-element-populated\">\n\t\t\t\t\t\t\t\t<div class=\"elementor-element elementor-element-a82b0a1 elementor-widget elementor-widget-image\" data-id=\"a82b0a1\" data-element_type=\"widget\" data-widget_type=\"image.default\">\n\t\t\t\t<div class=\"elementor-widget-container\">\n\t\t\t\t\t\t\t\t\t\t\t\t\t\t\t<img width=\"640\" height=\"425\" src=\"https:\/\/designautoplus.ca\/wp-content\/uploads\/2023\/03\/lettrage-recouvrement-partiel.png\" class=\"attachment-large size-large wp-image-2244\" alt=\"\" loading=\"lazy\" srcset=\"https:\/\/designautoplus.ca\/wp-content\/uploads\/2023\/03\/lettrage-recouvrement-partiel.png 768w, https:\/\/designautoplus.ca\/wp-content\/uploads\/2023\/03\/lettrage-recouvrement-partiel-300x199.png 300w, https:\/\/designautoplus.ca\/wp-content\/uploads\/2023\/03\/lettrage-recouvrement-partiel-650x433.png 650w\" sizes=\"(max-width: 640px) 100vw, 640px\" \/>\t\t\t\t\t\t\t\t\t\t\t\t\t\t\t<\/div>\n\t\t\t\t<\/div>\n\t\t\t\t\t<\/div>\n\t\t<\/div>\n\t\t\t\t\t\t\t<\/div>\n\t\t<\/section>\n\t\t\t\t<section class=\"elementor-section elementor-top-section elementor-element elementor-element-60c1ab0 elementor-section-boxed elementor-section-height-default elementor-section-height-default\" data-id=\"60c1ab0\" data-element_type=\"section\">\n\t\t\t\t\t\t<div class=\"elementor-container elementor-column-gap-extended\">\n\t\t\t\t\t<div class=\"elementor-column elementor-col-50 elementor-top-column elementor-element elementor-element-3f258ce\" data-id=\"3f258ce\" data-element_type=\"column\">\n\t\t\t<div class=\"elementor-widget-wrap elementor-element-populated\">\n\t\t\t\t\t\t\t\t<div class=\"elementor-element elementor-element-87b903c elementor-widget elementor-widget-image\" data-id=\"87b903c\" data-element_type=\"widget\" data-widget_type=\"image.default\">\n\t\t\t\t<div class=\"elementor-widget-container\">\n\t\t\t\t\t\t\t\t\t\t\t\t\t\t\t<img width=\"640\" height=\"425\" src=\"https:\/\/designautoplus.ca\/wp-content\/uploads\/2023\/03\/lettrage-recouvrement-particulier.png\" class=\"attachment-large size-large wp-image-2245\" alt=\"\" loading=\"lazy\" srcset=\"https:\/\/designautoplus.ca\/wp-content\/uploads\/2023\/03\/lettrage-recouvrement-particulier.png 768w, https:\/\/designautoplus.ca\/wp-content\/uploads\/2023\/03\/lettrage-recouvrement-particulier-300x199.png 300w, https:\/\/designautoplus.ca\/wp-content\/uploads\/2023\/03\/lettrage-recouvrement-particulier-650x433.png 650w\" sizes=\"(max-width: 640px) 100vw, 640px\" \/>\t\t\t\t\t\t\t\t\t\t\t\t\t\t\t<\/div>\n\t\t\t\t<\/div>\n\t\t\t\t\t<\/div>\n\t\t<\/div>\n\t\t\t\t<div class=\"elementor-column elementor-col-50 elementor-top-column elementor-element elementor-element-5dbe180\" data-id=\"5dbe180\" data-element_type=\"column\">\n\t\t\t<div class=\"elementor-widget-wrap elementor-element-populated\">\n\t\t\t\t\t\t\t\t<div class=\"elementor-element elementor-element-e788efb elementor-widget elementor-widget-text-editor\" data-id=\"e788efb\" data-element_type=\"widget\" data-widget_type=\"text-editor.default\">\n\t\t\t\t<div class=\"elementor-widget-container\">\n\t\t\t\t\t\t\t<p>Ce mat\u00e9riel est parfait pour toutes applications 2 ou 3D sur les v\u00e9hicules et autres surfaces \u00e0 courbe extr\u00eame. \u00c9tirable jusqu\u2019\u00e0 150%, il permet un moulage parfait. La technologie Controltac permet de repositionner le vinyle correctement sur la surface d\u2019application. De plus, la technologie Comply permet d\u2019\u00e9vacuer l\u2019air emprisonn\u00e9 sous la pellicule lors de la pose avec une simple pression du doigt. Il poss\u00e8de \u00e9galement une stabilit\u00e9 dimensionnelle \u00e0 temp\u00e9rature \u00e9lev\u00e9e et \u00e9tirable \u00e0 basse temp\u00e9rature.<\/p>\t\t\t\t\t\t<\/div>\n\t\t\t\t<\/div>\n\t\t\t\t\t<\/div>\n\t\t<\/div>\n\t\t\t\t\t\t\t<\/div>\n\t\t<\/section>\n\t\t\t\t<section class=\"elementor-section elementor-top-section elementor-element elementor-element-6d3a699 elementor-section-boxed elementor-section-height-default elementor-section-height-default\" data-id=\"6d3a699\" data-element_type=\"section\">\n\t\t\t\t\t\t<div class=\"elementor-container elementor-column-gap-extended\">\n\t\t\t\t\t<div class=\"elementor-column elementor-col-50 elementor-top-column elementor-element elementor-element-18ac92e\" data-id=\"18ac92e\" data-element_type=\"column\">\n\t\t\t<div class=\"elementor-widget-wrap elementor-element-populated\">\n\t\t\t\t\t\t\t\t<div class=\"elementor-element elementor-element-4da45a8 elementor-widget elementor-widget-text-editor\" data-id=\"4da45a8\" data-element_type=\"widget\" data-widget_type=\"text-editor.default\">\n\t\t\t\t<div class=\"elementor-widget-container\">\n\t\t\t\t\t\t\t<p>Vous aimez les couleurs Flash limite fluo ? C\u2019est maintenant possible gr\u00e2ce \u00e0 nos \u00e9quipements \u00e0 la fine pointe de la technologie. Notre d\u00e9partement d\u2019impression pourra cr\u00e9er avec vous les concepts les plus r\u00e9alistes que vous n\u2019ayez jamais vue ! Fini les compromis !<\/p>\t\t\t\t\t\t<\/div>\n\t\t\t\t<\/div>\n\t\t\t\t\t<\/div>\n\t\t<\/div>\n\t\t\t\t<div class=\"elementor-column elementor-col-50 elementor-top-column elementor-element elementor-element-d1211b6\" data-id=\"d1211b6\" data-element_type=\"column\">\n\t\t\t<div class=\"elementor-widget-wrap elementor-element-populated\">\n\t\t\t\t\t\t\t\t<div class=\"elementor-element elementor-element-c6ab7d8 elementor-widget elementor-widget-image\" data-id=\"c6ab7d8\" data-element_type=\"widget\" data-widget_type=\"image.default\">\n\t\t\t\t<div class=\"elementor-widget-container\">\n\t\t\t\t\t\t\t\t\t\t\t\t\t\t\t<img width=\"640\" height=\"425\" src=\"https:\/\/designautoplus.ca\/wp-content\/uploads\/2023\/03\/impression-grand-format.png\" class=\"attachment-large size-large wp-image-2247\" alt=\"\" loading=\"lazy\" srcset=\"https:\/\/designautoplus.ca\/wp-content\/uploads\/2023\/03\/impression-grand-format.png 768w, https:\/\/designautoplus.ca\/wp-content\/uploads\/2023\/03\/impression-grand-format-300x199.png 300w, https:\/\/designautoplus.ca\/wp-content\/uploads\/2023\/03\/impression-grand-format-650x433.png 650w\" sizes=\"(max-width: 640px) 100vw, 640px\" \/>\t\t\t\t\t\t\t\t\t\t\t\t\t\t\t<\/div>\n\t\t\t\t<\/div>\n\t\t\t\t\t<\/div>\n\t\t<\/div>\n\t\t\t\t\t\t\t<\/div>\n\t\t<\/section>\n\t\t\t\t<section class=\"elementor-section elementor-top-section elementor-element elementor-element-2bf0b9f elementor-section-boxed elementor-section-height-default elementor-section-height-default\" data-id=\"2bf0b9f\" data-element_type=\"section\">\n\t\t\t\t\t\t<div class=\"elementor-container elementor-column-gap-extended\">\n\t\t\t\t\t<div class=\"elementor-column elementor-col-50 elementor-top-column elementor-element elementor-element-d1f0334\" data-id=\"d1f0334\" data-element_type=\"column\">\n\t\t\t<div class=\"elementor-widget-wrap elementor-element-populated\">\n\t\t\t\t\t\t\t\t<div class=\"elementor-element elementor-element-5a6d00f elementor-widget elementor-widget-image\" data-id=\"5a6d00f\" data-element_type=\"widget\" data-widget_type=\"image.default\">\n\t\t\t\t<div class=\"elementor-widget-container\">\n\t\t\t\t\t\t\t\t\t\t\t\t\t\t\t<img width=\"640\" height=\"425\" src=\"https:\/\/designautoplus.ca\/wp-content\/uploads\/2023\/03\/graphisme.png\" class=\"attachment-large size-large wp-image-2248\" alt=\"\" loading=\"lazy\" srcset=\"https:\/\/designautoplus.ca\/wp-content\/uploads\/2023\/03\/graphisme.png 768w, https:\/\/designautoplus.ca\/wp-content\/uploads\/2023\/03\/graphisme-300x199.png 300w, https:\/\/designautoplus.ca\/wp-content\/uploads\/2023\/03\/graphisme-650x433.png 650w\" sizes=\"(max-width: 640px) 100vw, 640px\" \/>\t\t\t\t\t\t\t\t\t\t\t\t\t\t\t<\/div>\n\t\t\t\t<\/div>\n\t\t\t\t\t<\/div>\n\t\t<\/div>\n\t\t\t\t<div class=\"elementor-column elementor-col-50 elementor-top-column elementor-element elementor-element-8736e8f\" data-id=\"8736e8f\" data-element_type=\"column\">\n\t\t\t<div class=\"elementor-widget-wrap elementor-element-populated\">\n\t\t\t\t\t\t\t\t<div class=\"elementor-element elementor-element-cc5aee6 elementor-widget elementor-widget-text-editor\" data-id=\"cc5aee6\" data-element_type=\"widget\" data-widget_type=\"text-editor.default\">\n\t\t\t\t<div class=\"elementor-widget-container\">\n\t\t\t\t\t\t\t<p>Le succ\u00e8s digital de votre entreprise d\u00e9bute ici ! Nos cr\u00e9ations, votre image, votre r\u00e9putation. Votre image de marque est importante, elle est le premier symbole de votre entreprise. Nous pouvons vous offrir un service de graphisme de diff\u00e9rente fa\u00e7on selon votre besoin et votre budget.<\/p>\t\t\t\t\t\t<\/div>\n\t\t\t\t<\/div>\n\t\t\t\t\t<\/div>\n\t\t<\/div>\n\t\t\t\t\t\t\t<\/div>\n\t\t<\/section>\n\t\t\t\t<section class=\"elementor-section elementor-top-section elementor-element elementor-element-1345376 elementor-section-boxed elementor-section-height-default elementor-section-height-default\" data-id=\"1345376\" data-element_type=\"section\">\n\t\t\t\t\t\t<div class=\"elementor-container elementor-column-gap-extended\">\n\t\t\t\t\t<div class=\"elementor-column elementor-col-50 elementor-top-column elementor-element elementor-element-0324366\" data-id=\"0324366\" data-element_type=\"column\">\n\t\t\t<div class=\"elementor-widget-wrap elementor-element-populated\">\n\t\t\t\t\t\t\t\t<div class=\"elementor-element elementor-element-3c9fa8d elementor-widget elementor-widget-text-editor\" data-id=\"3c9fa8d\" data-element_type=\"widget\" data-widget_type=\"text-editor.default\">\n\t\t\t\t<div class=\"elementor-widget-container\">\n\t\t\t\t\t\t\t<p>Parfait pour les petits budgets et les entreprises qui d\u00e9bute.<\/p><p>Nous vous proposons 1 \u00e0 2 variantes de logo peu d\u00e9taill\u00e9.<\/p>\t\t\t\t\t\t<\/div>\n\t\t\t\t<\/div>\n\t\t\t\t\t<\/div>\n\t\t<\/div>\n\t\t\t\t<div class=\"elementor-column elementor-col-50 elementor-top-column elementor-element elementor-element-8cf7505\" data-id=\"8cf7505\" data-element_type=\"column\">\n\t\t\t<div class=\"elementor-widget-wrap elementor-element-populated\">\n\t\t\t\t\t\t\t\t<div class=\"elementor-element elementor-element-1e4198e elementor-widget elementor-widget-image\" data-id=\"1e4198e\" data-element_type=\"widget\" data-widget_type=\"image.default\">\n\t\t\t\t<div class=\"elementor-widget-container\">\n\t\t\t\t\t\t\t\t\t\t\t\t\t\t\t<img width=\"640\" height=\"425\" src=\"https:\/\/designautoplus.ca\/wp-content\/uploads\/2023\/03\/forfait-base.png\" class=\"attachment-large size-large wp-image-2249\" alt=\"\" loading=\"lazy\" srcset=\"https:\/\/designautoplus.ca\/wp-content\/uploads\/2023\/03\/forfait-base.png 768w, https:\/\/designautoplus.ca\/wp-content\/uploads\/2023\/03\/forfait-base-300x199.png 300w, https:\/\/designautoplus.ca\/wp-content\/uploads\/2023\/03\/forfait-base-650x433.png 650w\" sizes=\"(max-width: 640px) 100vw, 640px\" \/>\t\t\t\t\t\t\t\t\t\t\t\t\t\t\t<\/div>\n\t\t\t\t<\/div>\n\t\t\t\t\t<\/div>\n\t\t<\/div>\n\t\t\t\t\t\t\t<\/div>\n\t\t<\/section>\n\t\t\t\t<section class=\"elementor-section elementor-top-section elementor-element elementor-element-120bf1d elementor-section-boxed elementor-section-height-default elementor-section-height-default\" data-id=\"120bf1d\" data-element_type=\"section\">\n\t\t\t\t\t\t<div class=\"elementor-container elementor-column-gap-extended\">\n\t\t\t\t\t<div class=\"elementor-column elementor-col-50 elementor-top-column elementor-element elementor-element-e5ec3d0\" data-id=\"e5ec3d0\" data-element_type=\"column\">\n\t\t\t<div class=\"elementor-widget-wrap elementor-element-populated\">\n\t\t\t\t\t\t\t\t<div class=\"elementor-element elementor-element-2e69c94 elementor-widget elementor-widget-image\" data-id=\"2e69c94\" data-element_type=\"widget\" data-widget_type=\"image.default\">\n\t\t\t\t<div class=\"elementor-widget-container\">\n\t\t\t\t\t\t\t\t\t\t\t\t\t\t\t<img width=\"640\" height=\"425\" src=\"https:\/\/designautoplus.ca\/wp-content\/uploads\/2023\/03\/forfait-avance.png\" class=\"attachment-large size-large wp-image-2250\" alt=\"\" loading=\"lazy\" srcset=\"https:\/\/designautoplus.ca\/wp-content\/uploads\/2023\/03\/forfait-avance.png 768w, https:\/\/designautoplus.ca\/wp-content\/uploads\/2023\/03\/forfait-avance-300x199.png 300w, https:\/\/designautoplus.ca\/wp-content\/uploads\/2023\/03\/forfait-avance-650x433.png 650w\" sizes=\"(max-width: 640px) 100vw, 640px\" \/>\t\t\t\t\t\t\t\t\t\t\t\t\t\t\t<\/div>\n\t\t\t\t<\/div>\n\t\t\t\t\t<\/div>\n\t\t<\/div>\n\t\t\t\t<div class=\"elementor-column elementor-col-50 elementor-top-column elementor-element elementor-element-a4fad4a\" data-id=\"a4fad4a\" data-element_type=\"column\">\n\t\t\t<div class=\"elementor-widget-wrap elementor-element-populated\">\n\t\t\t\t\t\t\t\t<div class=\"elementor-element elementor-element-0fbf3d8 elementor-widget elementor-widget-text-editor\" data-id=\"0fbf3d8\" data-element_type=\"widget\" data-widget_type=\"text-editor.default\">\n\t\t\t\t<div class=\"elementor-widget-container\">\n\t\t\t\t\t\t\t<p>Meilleur rapport qualit\u00e9\/prix<\/p><p>Nous vous proposons 2 \u00e0 3 variantes de logo fait sur mesure<\/p><p>Inclus format pour vos r\u00e9seaux sociaux<\/p>\t\t\t\t\t\t<\/div>\n\t\t\t\t<\/div>\n\t\t\t\t\t<\/div>\n\t\t<\/div>\n\t\t\t\t\t\t\t<\/div>\n\t\t<\/section>\n\t\t\t\t<section class=\"elementor-section elementor-top-section elementor-element elementor-element-7635339 elementor-section-boxed elementor-section-height-default elementor-section-height-default\" data-id=\"7635339\" data-element_type=\"section\">\n\t\t\t\t\t\t<div class=\"elementor-container elementor-column-gap-extended\">\n\t\t\t\t\t<div class=\"elementor-column elementor-col-50 elementor-top-column elementor-element elementor-element-388f1ca\" data-id=\"388f1ca\" data-element_type=\"column\">\n\t\t\t<div class=\"elementor-widget-wrap elementor-element-populated\">\n\t\t\t\t\t\t\t\t<div class=\"elementor-element elementor-element-0a52fa2 elementor-widget elementor-widget-text-editor\" data-id=\"0a52fa2\" data-element_type=\"widget\" data-widget_type=\"text-editor.default\">\n\t\t\t\t<div class=\"elementor-widget-container\">\n\t\t\t\t\t\t\t<p>Pour les ambitieux visant la r\u00e9ussite<\/p><p>Nous vous proposons 3 variantes et plus de votre logo.<\/p><p>Fait sur mesure, 100% original.<\/p><p>Le forfait inclus \u00e9galement les frais de conception de papeterie et autres.<\/p><p>Inclus \u00e9galement les formats pour vos r\u00e9seaux sociaux.<\/p>\t\t\t\t\t\t<\/div>\n\t\t\t\t<\/div>\n\t\t\t\t\t<\/div>\n\t\t<\/div>\n\t\t\t\t<div class=\"elementor-column elementor-col-50 elementor-top-column elementor-element elementor-element-710b907\" data-id=\"710b907\" data-element_type=\"column\">\n\t\t\t<div class=\"elementor-widget-wrap elementor-element-populated\">\n\t\t\t\t\t\t\t\t<div class=\"elementor-element elementor-element-d990455 elementor-widget elementor-widget-image\" data-id=\"d990455\" data-element_type=\"widget\" data-widget_type=\"image.default\">\n\t\t\t\t<div class=\"elementor-widget-container\">\n\t\t\t\t\t\t\t\t\t\t\t\t\t\t\t<img width=\"640\" height=\"425\" src=\"https:\/\/designautoplus.ca\/wp-content\/uploads\/2023\/03\/forfait-premium.png\" class=\"attachment-large size-large wp-image-2251\" alt=\"\" loading=\"lazy\" srcset=\"https:\/\/designautoplus.ca\/wp-content\/uploads\/2023\/03\/forfait-premium.png 768w, https:\/\/designautoplus.ca\/wp-content\/uploads\/2023\/03\/forfait-premium-300x199.png 300w, https:\/\/designautoplus.ca\/wp-content\/uploads\/2023\/03\/forfait-premium-650x433.png 650w\" sizes=\"(max-width: 640px) 100vw, 640px\" \/>\t\t\t\t\t\t\t\t\t\t\t\t\t\t\t<\/div>\n\t\t\t\t<\/div>\n\t\t\t\t\t<\/div>\n\t\t<\/div>\n\t\t\t\t\t\t\t<\/div>\n\t\t<\/section>\n\t\t\t\t\t\t\t<\/div>\n\t\t","protected":false},"excerpt":{"rendered":"<p>Pour toute conception, vous devez nous fournir votre logo en format original vectoriel sinon, des frais suppl\u00e9mentaires peuvent s\u2019appliquer pour la reproduction de celui-ci. Vous devrez \u00e9galement nous fournir toutes les informations connexes d\u00e9sir\u00e9es sur le v\u00e9hicule. Vous devez au pr\u00e9alable passer \u00e0 l\u2019atelier pour une ouverture de commande, une prise de photos et de [&hellip;]<\/p>\n","protected":false},"author":2,"featured_media":0,"parent":0,"menu_order":0,"comment_status":"closed","ping_status":"closed","template":"elementor_header_footer","meta":[],"acf":[],"_links":{"self":[{"href":"https:\/\/designautoplus.ca\/index.php\/wp-json\/wp\/v2\/pages\/2232"}],"collection":[{"href":"https:\/\/designautoplus.ca\/index.php\/wp-json\/wp\/v2\/pages"}],"about":[{"href":"https:\/\/designautoplus.ca\/index.php\/wp-json\/wp\/v2\/types\/page"}],"author":[{"embeddable":true,"href":"https:\/\/designautoplus.ca\/index.php\/wp-json\/wp\/v2\/users\/2"}],"replies":[{"embeddable":true,"href":"https:\/\/designautoplus.ca\/index.php\/wp-json\/wp\/v2\/comments?post=2232"}],"version-history":[{"count":5,"href":"https:\/\/designautoplus.ca\/index.php\/wp-json\/wp\/v2\/pages\/2232\/revisions"}],"predecessor-version":[{"id":2254,"href":"https:\/\/designautoplus.ca\/index.php\/wp-json\/wp\/v2\/pages\/2232\/revisions\/2254"}],"wp:attachment":[{"href":"https:\/\/designautoplus.ca\/index.php\/wp-json\/wp\/v2\/media?parent=2232"}],"curies":[{"name":"wp","href":"https:\/\/api.w.org\/{rel}","templated":true}]}}